{"id":317,"date":"2021-04-19T18:15:14","date_gmt":"2021-04-19T18:15:14","guid":{"rendered":"http:\/\/eenergetica.com.ar\/?page_id=317"},"modified":"2024-05-30T23:41:49","modified_gmt":"2024-05-31T02:41:49","slug":"acerca-de-estrategia-energetica","status":"publish","type":"page","link":"https:\/\/eenergetica.com.ar\/index.php\/acerca-de-estrategia-energetica\/","title":{"rendered":"Acerca de Estrategia  Energ\u00e9tica"},"content":{"rendered":"\n<p><em><strong>Contacto Comercial:<\/strong><\/em><\/p>\n\n\n\n<p>info@polp.com.ar<\/p>\n\n\n\n<p>Direcci\u00f3n General: Pablo Omar L\u00f3pez<\/p>\n\n\n\n<p>Calle 14 N\u00ba 487 \u2013 La Plata \u2013 Buenos Aires \u2013 Argentina<\/p>\n\n\n\n<p>Propietario: POL-P Producciones SRL <\/p>\n\n\n\n<p>N\u00famero de registro de la propiedad intelectual: RL-2023-70500141-APN-DNDA#MJ<\/p>\n\n\n\n<h4 class=\"wp-block-heading\"><strong><em>Sobre Estrat\u00e9gia Energ\u00e9tica<\/em><\/strong><\/h4>\n\n\n\n<p>Es un sitio digital de informaci\u00f3n y an\u00e1lisis sobre Argentina y el mundo que surge a partir de la necesidad&nbsp;de encontrar una p\u00e1gina de noticias con la dosis justa de informaci\u00f3n y publicidad, donde la calidad tenga prioridad por sobre la cantidad, de forma tal que tienda a facilitar las lecturas y el acceso a las mismas.<\/p>\n\n\n\n<p>Informaci\u00f3n actualizada las 24 horas del d\u00eda, responsabilidad y profesionalismo en el tratamiento period\u00edstico, acceso a las principales fuentes, an\u00e1lisis de la actualidad, declaraciones exclusivas, calidad en imagen, y f\u00e1cil navegabilidad, son nuestras principales caracter\u00edsticas.<\/p>\n","protected":false},"excerpt":{"rendered":"<p>Contacto Comercial: info@polp.com.ar Direcci\u00f3n General: Pablo Omar L\u00f3pez Calle 14 N\u00ba 487 \u2013 La Plata \u2013 Buenos Aires \u2013 Argentina Propietario: POL-P Producciones SRL N\u00famero de registro de la propiedad&hellip; <\/p>\n","protected":false},"author":1,"featured_media":0,"parent":0,"menu_order":0,"comment_status":"closed","ping_status":"closed","template":"","meta":{"footnotes":""},"class_list":["post-317","page","type-page","status-publish","hentry"],"_links":{"self":[{"href":"https:\/\/eenergetica.com.ar\/index.php\/wp-json\/wp\/v2\/pages\/317","targetHints":{"allow":["GET"]}}],"collection":[{"href":"https:\/\/eenergetica.com.ar\/index.php\/wp-json\/wp\/v2\/pages"}],"about":[{"href":"https:\/\/eenergetica.com.ar\/index.php\/wp-json\/wp\/v2\/types\/page"}],"author":[{"embeddable":true,"href":"https:\/\/eenergetica.com.ar\/index.php\/wp-json\/wp\/v2\/users\/1"}],"replies":[{"embeddable":true,"href":"https:\/\/eenergetica.com.ar\/index.php\/wp-json\/wp\/v2\/comments?post=317"}],"version-history":[{"count":6,"href":"https:\/\/eenergetica.com.ar\/index.php\/wp-json\/wp\/v2\/pages\/317\/revisions"}],"predecessor-version":[{"id":31016,"href":"https:\/\/eenergetica.com.ar\/index.php\/wp-json\/wp\/v2\/pages\/317\/revisions\/31016"}],"wp:attachment":[{"href":"https:\/\/eenergetica.com.ar\/index.php\/wp-json\/wp\/v2\/media?parent=317"}],"curies":[{"name":"wp","href":"https:\/\/api.w.org\/{rel}","templated":true}]}}